{"id":1489,"date":"2017-04-10T15:14:29","date_gmt":"2017-04-10T14:14:29","guid":{"rendered":"http:\/\/ados.advsite.net\/?page_id=1489"},"modified":"2017-04-10T15:14:29","modified_gmt":"2017-04-10T14:14:29","slug":"contatti-2","status":"publish","type":"page","link":"https:\/\/peaceful-margulis.178-32-136-152.plesk.page\/?page_id=1489","title":{"rendered":"contatti"},"content":{"rendered":"<p><div class=\"et_d4_element et_pb_section et_pb_section_0  et_pb_css_mix_blend_mode et_pb_fullwidth_section et_section_regular et_block_section\" >\n\t\t\t\t\n\t\t\t\t\n\t\t\t\t\n\t\t\t\t\n\t\t\t\t\n\t\t\t\t\n\t\t\t\t<div class=\"et_pb_module et_d4_element et_pb_fullwidth_map_0  et_pb_css_mix_blend_mode et_pb_map_container\">\n\t\t\t\t\n\t\t\t\t\n\t\t\t\t\n\t\t\t\t\n\t\t\t\t<div class=\"et_pb_map\" data-center-lat=\"42.2305573\" data-center-lng=\"14.397105\" data-zoom=\"18\" data-mouse-wheel=\"on\" data-mobile-dragging=\"on\"><\/div>\n\t\t\t\t<div class=\"et_pb_map_pin\" data-lat=\"42.2305573\" data-lng=\"14.397105\" data-title=\"A.Do.S\">\n\t\t\t\t<h3 style=\"margin-top:10px\">A.Do.S<\/h3>\n\t\t\t\t<div class=\"infowindow\"><\/div>\n\t\t\t<\/div>\n\t\t\t<\/div>\n\t\t\t\t\n\t\t\t\t\n\t\t\t<\/div><div class=\"et_d4_element et_pb_section et_pb_section_1  et_pb_css_mix_blend_mode et_section_regular et_block_section\" >\n\t\t\t\t\n\t\t\t\t\n\t\t\t\t\n\t\t\t\t\n\t\t\t\t\n\t\t\t\t\n\t\t\t\t<div class=\"et_d4_element et_pb_row et_pb_row_0  et_pb_css_mix_blend_mode et_block_row\">\n\t\t\t\t<div class=\"et_d4_element et_pb_column_2_3 et_pb_column et_pb_column_0  et_pb_css_mix_blend_mode et_block_column\">\n\t\t\t\t\n\t\t\t\t\n\t\t\t\t\n\t\t\t\t\n\t\t\t\t\n\t\t\t<div id=\"et_pb_contact_form_0\" class=\"et_pb_module et_d4_element et_pb_contact_form_0 et_pb_contact_form_container clearfix et_block_module\" data-form_unique_num=\"0\" data-form_unique_id=\"\">\n\t\t\t\t\n\t\t\t\t\n\t\t\t\t\n\t\t\t\t\n\t\t\t\t\n\t\t\t\t<div class=\"et-pb-contact-message\"><\/div>\n\t\t\t\t\n\t\t\t\t<div class=\"et_pb_contact\">\n\t\t\t\t\t<form class=\"et_pb_contact_form clearfix\" method=\"post\" action=\"https:\/\/peaceful-margulis.178-32-136-152.plesk.page\/index.php?rest_route=%2Fwp%2Fv2%2Fpages%2F1489\">\n\t\t\t\t\t\t<p class=\"et_d4_element et_pb_contact_field et_pb_contact_field_0 et_pb_contact_field_half\" data-id=\"name\" data-type=\"input\">\n\t\t\t\t\n\t\t\t\t\n\t\t\t\t\n\t\t\t\t\n\t\t\t\t<label for=\"et_pb_contact_name_0\" class=\"et_pb_contact_form_label\">Nome<\/label>\n\t\t\t\t<input type=\"text\" id=\"et_pb_contact_name_0\" class=\"input\" value=\"\" name=\"et_pb_contact_name_0\" data-required_mark=\"required\" data-field_type=\"input\" data-original_id=\"name\" placeholder=\"Nome\">\n\t\t\t<\/p><p class=\"et_d4_element et_pb_contact_field et_pb_contact_field_1 et_pb_contact_field_half et_pb_contact_field_last\" data-id=\"email\" data-type=\"email\">\n\t\t\t\t\n\t\t\t\t\n\t\t\t\t\n\t\t\t\t\n\t\t\t\t<label for=\"et_pb_contact_email_0\" class=\"et_pb_contact_form_label\">Indirizzo e-mail<\/label>\n\t\t\t\t<input type=\"text\" id=\"et_pb_contact_email_0\" class=\"input\" value=\"\" name=\"et_pb_contact_email_0\" data-required_mark=\"required\" data-field_type=\"email\" data-original_id=\"email\" placeholder=\"Indirizzo e-mail\">\n\t\t\t<\/p><p class=\"et_d4_element et_pb_contact_field et_pb_contact_field_2 et_pb_contact_field_last\" data-id=\"message\" data-type=\"text\">\n\t\t\t\t\n\t\t\t\t\n\t\t\t\t\n\t\t\t\t\n\t\t\t\t<label for=\"et_pb_contact_message_0\" class=\"et_pb_contact_form_label\">Messaggio<\/label>\n\t\t\t\t<textarea name=\"et_pb_contact_message_0\" id=\"et_pb_contact_message_0\" class=\"et_pb_contact_message input\" data-required_mark=\"required\" data-field_type=\"text\" data-original_id=\"message\" placeholder=\"Messaggio\"><\/textarea>\n\t\t\t<\/p><p class=\"et_d4_element et_pb_contact_field et_pb_contact_field_3 et_pb_contact_field_last\" data-id=\"field_4\" data-type=\"checkbox\">\n\t\t\t\t\n\t\t\t\t\n\t\t\t\t\n\t\t\t\t\n\t\t\t\t<label for=\"et_pb_contact_field_4_0\" class=\"et_pb_contact_form_label\"> <\/label>\n\t\t\t\t<input class=\"et_pb_checkbox_handle\" type=\"hidden\" name=\"et_pb_contact_field_4_0\" data-required_mark=\"required\" data-field_type=\"checkbox\" data-original_id=\"field_4\">\n\t\t\t\t\t<span class=\"et_pb_contact_field_options_wrapper\">\n\t\t\t\t\t\t<span class=\"et_pb_contact_field_options_title\"> <\/span>\n\t\t\t\t\t\t<span class=\"et_pb_contact_field_options_list\"><span class=\"et_pb_contact_field_checkbox\">\n\t\t\t\t\t\t\t<input type=\"checkbox\" id=\"et_pb_contact_field_4_3_0\" class=\"input\" value=\"Autorizzo al trattamento dei miei dati personali, ai sensi del D.lgs.196 del 30 giugno 2003.\" data-id=\"\">\n\t\t\t\t\t\t\t<label for=\"et_pb_contact_field_4_3_0\"><i><\/i>Autorizzo al trattamento dei miei dati personali, ai sensi del D.lgs.196 del 30 giugno 2003.<\/label>\n\t\t\t\t\t\t<\/span><\/span>\n\t\t\t\t\t<\/span>\n\t\t\t<\/p>\n\t\t\t\t\t\t<input type=\"hidden\" value=\"et_contact_proccess\" name=\"et_pb_contactform_submit_0\"\/>\n\t\t\t\t\t\t<div class=\"et_contact_bottom_container\">\n\t\t\t\t\t\t\t\n\t\t\t\t\t\t\t<button type=\"submit\" name=\"et_builder_submit_button\" class=\"et_pb_contact_submit et_pb_button\">Invia<\/button>\n\t\t\t\t\t\t<\/div>\n\t\t\t\t\t\t<input type=\"hidden\" id=\"_wpnonce-et-pb-contact-form-submitted-0\" name=\"_wpnonce-et-pb-contact-form-submitted-0\" value=\"63eb032896\" \/><input type=\"hidden\" name=\"_wp_http_referer\" value=\"\/index.php?rest_route=%2Fwp%2Fv2%2Fpages%2F1489\" \/>\n\t\t\t\t\t<\/form>\n\t\t\t\t<\/div>\n\t\t\t<\/div>\n\t\t\t\n\t\t\t<\/div><div class=\"et_d4_element et_pb_column_1_3 et_pb_column et_pb_column_1  et_pb_css_mix_blend_mode et-last-child et_block_column\">\n\t\t\t\t\n\t\t\t\t\n\t\t\t\t\n\t\t\t\t\n\t\t\t\t<div class=\"et_pb_module et_d4_element et_pb_text et_pb_text_0  et_pb_text_align_left et_pb_bg_layout_light\">\n\t\t\t\t\n\t\t\t\t\n\t\t\t\t\n\t\t\t\t\n\t\t\t\t<div class=\"et_pb_text_inner\"><h3 class=\"plain\" align=\"left\"><strong>La nostra associazione ha sede<\/strong><\/h3>\n<p class=\"plain\" align=\"left\">in Lanciano presso l\u2019ospedale Renzetti in via del Mare 1.<\/p>\n<p class=\"plain\" align=\"left\">Le nostre segretarie sono a vs disposizione<\/p>\n<p class=\"plain\" align=\"left\">dalle 8,00 alle 12,00 di tutti giorni dal luned\u00ec al sabato presso il <strong>Centro Trasfusionale\u00a0 \u00a0 \u00a0 \u00a0 \u00a0 \u00a0\u00a0 <\/strong><em>(Tel 0872 706273 - 373 771 6603)<\/em><\/p>\n<p class=\"plain\" align=\"left\">e dalle 14,30 alle 19,30 del mercoled\u00ec, gioved\u00ec e venerd\u00ec, presso le sede associativa nella <strong>Cittadelle del Volontariato\u00a0 <\/strong>dell'Ospedale stesso<strong>\u00a0 \u00a0\u00a0<\/strong><span style=\"font-size: 14px\"><em>(Tel 0872 710665 -373 771 6603)\u00a0<\/em><\/span><\/p><\/div>\n\t\t\t<\/div>\n\t\t\t<\/div>\n\t\t\t\t\n\t\t\t\t\n\t\t\t\t\n\t\t\t\t\n\t\t\t<\/div>\n\t\t\t\t\n\t\t\t\t\n\t\t\t<\/div><\/p>\n","protected":false},"excerpt":{"rendered":"","protected":false},"author":1,"featured_media":0,"parent":0,"menu_order":0,"comment_status":"closed","ping_status":"closed","template":"","meta":{"_et_pb_use_builder":"on","_et_pb_old_content":"","_et_gb_content_width":"","footnotes":""},"class_list":["post-1489","page","type-page","status-publish","hentry"],"_links":{"self":[{"href":"https:\/\/peaceful-margulis.178-32-136-152.plesk.page\/index.php?rest_route=\/wp\/v2\/pages\/1489","targetHints":{"allow":["GET"]}}],"collection":[{"href":"https:\/\/peaceful-margulis.178-32-136-152.plesk.page\/index.php?rest_route=\/wp\/v2\/pages"}],"about":[{"href":"https:\/\/peaceful-margulis.178-32-136-152.plesk.page\/index.php?rest_route=\/wp\/v2\/types\/page"}],"author":[{"embeddable":true,"href":"https:\/\/peaceful-margulis.178-32-136-152.plesk.page\/index.php?rest_route=\/wp\/v2\/users\/1"}],"replies":[{"embeddable":true,"href":"https:\/\/peaceful-margulis.178-32-136-152.plesk.page\/index.php?rest_route=%2Fwp%2Fv2%2Fcomments&post=1489"}],"version-history":[{"count":0,"href":"https:\/\/peaceful-margulis.178-32-136-152.plesk.page\/index.php?rest_route=\/wp\/v2\/pages\/1489\/revisions"}],"wp:attachment":[{"href":"https:\/\/peaceful-margulis.178-32-136-152.plesk.page\/index.php?rest_route=%2Fwp%2Fv2%2Fmedia&parent=1489"}],"curies":[{"name":"wp","href":"https:\/\/api.w.org\/{rel}","templated":true}]}}